{"id":9128,"date":"2023-02-13T13:12:38","date_gmt":"2023-02-13T12:12:38","guid":{"rendered":"https:\/\/talangeo.com\/?page_id=9128"},"modified":"2023-10-17T19:01:19","modified_gmt":"2023-10-17T17:01:19","slug":"materialy-do-pobrania","status":"publish","type":"page","link":"https:\/\/talangeo.com\/?page_id=9128&lang=pl","title":{"rendered":"Materia\u0142y do pobrania"},"content":{"rendered":"\t\t<div data-elementor-type=\"wp-page\" data-elementor-id=\"9128\" class=\"elementor elementor-9128\">\n\t\t\t\t\t\t<section class=\"elementor-section elementor-top-section elementor-element elementor-element-1b6ce4b elementor-section-stretched elementor-section-boxed elementor-section-height-default elementor-section-height-default exad-glass-effect-no exad-sticky-section-no\" data-id=\"1b6ce4b\" data-element_type=\"section\" data-settings=\"{&quot;background_background&quot;:&quot;classic&quot;,&quot;stretch_section&quot;:&quot;section-stretched&quot;}\">\n\t\t\t\t\t\t<div class=\"elementor-container elementor-column-gap-default\">\n\t\t\t\t\t<div class=\"elementor-column elementor-col-100 elementor-top-column elementor-element elementor-element-45a8dee exad-glass-effect-no exad-sticky-section-no\" data-id=\"45a8dee\" data-element_type=\"column\">\n\t\t\t<div class=\"elementor-widget-wrap elementor-element-populated\">\n\t\t\t\t\t\t<div class=\"elementor-element elementor-element-b73791d exad-sticky-section-no exad-glass-effect-no elementor-widget elementor-widget-creote-title-v1\" data-id=\"b73791d\" data-element_type=\"widget\" data-widget_type=\"creote-title-v1.default\">\n\t\t\t\t<div class=\"elementor-widget-container\">\n\t\t\t<div class=\"title_all_box style_one  dark_color\" >\r\n         <div class=\"title_sections center\">\r\n            <div class=\"before_title\">\r\n         Downloads      <\/div>\r\n                        <p>  Select the e-book that interests you<\/p>\r\n         <\/div>\r\n               \r\n<\/div>\r\n\t\t<\/div>\n\t\t\t\t<\/div>\n\t\t\t\t<section class=\"elementor-section elementor-inner-section elementor-element elementor-element-dbbfb53 elementor-section-boxed elementor-section-height-default elementor-section-height-default exad-glass-effect-no exad-sticky-section-no\" data-id=\"dbbfb53\" data-element_type=\"section\">\n\t\t\t\t\t\t<div class=\"elementor-container elementor-column-gap-default\">\n\t\t\t\t\t<div class=\"elementor-column elementor-col-50 elementor-inner-column elementor-element elementor-element-a1b8489 exad-glass-effect-no exad-sticky-section-no\" data-id=\"a1b8489\" data-element_type=\"column\">\n\t\t\t<div class=\"elementor-widget-wrap elementor-element-populated\">\n\t\t\t\t\t\t<div class=\"elementor-element elementor-element-2f6bf1c exad-glass-effect-no elementor-widget elementor-widget-image\" data-id=\"2f6bf1c\" data-element_type=\"widget\" data-widget_type=\"image.default\">\n\t\t\t\t<div class=\"elementor-widget-container\">\n\t\t\t<style>\/*! elementor - v3.21.0 - 22-05-2024 *\/\n.elementor-widget-image{text-align:center}.elementor-widget-image a{display:inline-block}.elementor-widget-image a img[src$=\".svg\"]{width:48px}.elementor-widget-image img{vertical-align:middle;display:inline-block}<\/style>\t\t\t\t\t\t\t\t\t\t<img fetchpriority=\"high\" decoding=\"async\" width=\"1563\" height=\"1563\" src=\"https:\/\/talangeo.com\/wp-content\/uploads\/2023\/10\/ebook.png\" class=\"attachment-full size-full wp-image-9073\" alt=\"\" srcset=\"https:\/\/talangeo.com\/wp-content\/uploads\/2023\/10\/ebook.png 1563w, https:\/\/talangeo.com\/wp-content\/uploads\/2023\/10\/ebook-300x300.png 300w, https:\/\/talangeo.com\/wp-content\/uploads\/2023\/10\/ebook-1024x1024.png 1024w, https:\/\/talangeo.com\/wp-content\/uploads\/2023\/10\/ebook-150x150.png 150w, https:\/\/talangeo.com\/wp-content\/uploads\/2023\/10\/ebook-768x768.png 768w, https:\/\/talangeo.com\/wp-content\/uploads\/2023\/10\/ebook-1536x1536.png 1536w\" sizes=\"(max-width: 1563px) 100vw, 1563px\" \/>\t\t\t\t\t\t\t\t\t\t\t\t\t<\/div>\n\t\t\t\t<\/div>\n\t\t\t\t<div class=\"elementor-element elementor-element-0dcf971 exad-sticky-section-no exad-glass-effect-no elementor-widget elementor-widget-text-editor\" data-id=\"0dcf971\" data-element_type=\"widget\" data-widget_type=\"text-editor.default\">\n\t\t\t\t<div class=\"elementor-widget-container\">\n\t\t\t<style>\/*! elementor - v3.21.0 - 22-05-2024 *\/\n.elementor-widget-text-editor.elementor-drop-cap-view-stacked .elementor-drop-cap{background-color:#69727d;color:#fff}.elementor-widget-text-editor.elementor-drop-cap-view-framed .elementor-drop-cap{color:#69727d;border:3px solid;background-color:transparent}.elementor-widget-text-editor:not(.elementor-drop-cap-view-default) .elementor-drop-cap{margin-top:8px}.elementor-widget-text-editor:not(.elementor-drop-cap-view-default) .elementor-drop-cap-letter{width:1em;height:1em}.elementor-widget-text-editor .elementor-drop-cap{float:left;text-align:center;line-height:1;font-size:50px}.elementor-widget-text-editor .elementor-drop-cap-letter{display:inline-block}<\/style>\t\t\t\t<p><strong>A guide for: top interview questions<\/strong> to reveal motivation and skillsbased on industry &#8211; available in English<\/p>\t\t\t\t\t\t<\/div>\n\t\t\t\t<\/div>\n\t\t\t\t<div class=\"elementor-element elementor-element-1541863 exad-sticky-section-no exad-glass-effect-no elementor-widget elementor-widget-creote-themebtns-v1\" data-id=\"1541863\" data-element_type=\"widget\" data-widget_type=\"creote-themebtns-v1.default\">\n\t\t\t\t<div class=\"elementor-widget-container\">\n\t\t\t<div class=\"theme_btn_all color_two\" >\r\n      <a href=\"https:\/\/share-eu1.hsforms.com\/1APej5hnLSki-oCo6eg51agft2fn\" class=\"theme-btn one\" target=\"_blank\" rel=\"noopener\">\r\n   DOWNLOAD   <\/a>\r\n   <\/div>\r\n\t\t<\/div>\n\t\t\t\t<\/div>\n\t\t\t\t\t<\/div>\n\t\t<\/div>\n\t\t\t\t<div class=\"elementor-column elementor-col-50 elementor-inner-column elementor-element elementor-element-eebd784 exad-glass-effect-no exad-sticky-section-no\" data-id=\"eebd784\" data-element_type=\"column\">\n\t\t\t<div class=\"elementor-widget-wrap elementor-element-populated\">\n\t\t\t\t\t\t<div class=\"elementor-element elementor-element-ae41f06 exad-glass-effect-no elementor-widget elementor-widget-image\" data-id=\"ae41f06\" data-element_type=\"widget\" data-widget_type=\"image.default\">\n\t\t\t\t<div class=\"elementor-widget-container\">\n\t\t\t\t\t\t\t\t\t\t\t\t\t<img decoding=\"async\" width=\"1563\" height=\"1563\" src=\"https:\/\/talangeo.com\/wp-content\/uploads\/2023\/10\/recruitbetter-ebook.png\" class=\"attachment-full size-full wp-image-9072\" alt=\"\" srcset=\"https:\/\/talangeo.com\/wp-content\/uploads\/2023\/10\/recruitbetter-ebook.png 1563w, https:\/\/talangeo.com\/wp-content\/uploads\/2023\/10\/recruitbetter-ebook-300x300.png 300w, https:\/\/talangeo.com\/wp-content\/uploads\/2023\/10\/recruitbetter-ebook-1024x1024.png 1024w, https:\/\/talangeo.com\/wp-content\/uploads\/2023\/10\/recruitbetter-ebook-150x150.png 150w, https:\/\/talangeo.com\/wp-content\/uploads\/2023\/10\/recruitbetter-ebook-768x768.png 768w, https:\/\/talangeo.com\/wp-content\/uploads\/2023\/10\/recruitbetter-ebook-1536x1536.png 1536w\" sizes=\"(max-width: 1563px) 100vw, 1563px\" \/>\t\t\t\t\t\t\t\t\t\t\t\t\t<\/div>\n\t\t\t\t<\/div>\n\t\t\t\t<div class=\"elementor-element elementor-element-6686fee exad-sticky-section-no exad-glass-effect-no elementor-widget elementor-widget-text-editor\" data-id=\"6686fee\" data-element_type=\"widget\" data-widget_type=\"text-editor.default\">\n\t\t\t\t<div class=\"elementor-widget-container\">\n\t\t\t\t\t\t\t<p><strong>#recruitbetter <\/strong>Czyli jak stworzy\u0107 proces rekrutacyjny, kt\u00f3ry podniesie jako\u015b\u0107 rekrutacji &#8211; available in Polish<\/p>\t\t\t\t\t\t<\/div>\n\t\t\t\t<\/div>\n\t\t\t\t<div class=\"elementor-element elementor-element-253aea4 exad-sticky-section-no exad-glass-effect-no elementor-widget elementor-widget-creote-themebtns-v1\" data-id=\"253aea4\" data-element_type=\"widget\" data-widget_type=\"creote-themebtns-v1.default\">\n\t\t\t\t<div class=\"elementor-widget-container\">\n\t\t\t<div class=\"theme_btn_all color_two\" >\r\n      <a href=\"https:\/\/share-eu1.hsforms.com\/1qcpU2mQwT1e2L8u_OpwK1Aft2fn\" class=\"theme-btn one\" target=\"_blank\" rel=\"noopener\">\r\n   DOWNLOAD   <\/a>\r\n   <\/div>\r\n\t\t<\/div>\n\t\t\t\t<\/div>\n\t\t\t\t\t<\/div>\n\t\t<\/div>\n\t\t\t\t\t<\/div>\n\t\t<\/section>\n\t\t\t\t\t<\/div>\n\t\t<\/div>\n\t\t\t\t\t<\/div>\n\t\t<\/section>\n\t\t\t\t<\/div>\n\t\t","protected":false},"excerpt":{"rendered":"<p>Downloads Select the e-book that interests you A guide for: top interview questions to reveal motivation and skillsbased on industry &#8211; available in English DOWNLOAD #recruitbetter Czyli jak stworzy\u0107 proces rekrutacyjny, kt\u00f3ry podniesie jako\u015b\u0107 rekrutacji &#8211; available in Polish DOWNLOAD<\/p>\n","protected":false},"author":1,"featured_media":0,"parent":0,"menu_order":0,"comment_status":"closed","ping_status":"closed","template":"elementor_header_footer","meta":{"footnotes":""},"_links":{"self":[{"href":"https:\/\/talangeo.com\/index.php?rest_route=\/wp\/v2\/pages\/9128"}],"collection":[{"href":"https:\/\/talangeo.com\/index.php?rest_route=\/wp\/v2\/pages"}],"about":[{"href":"https:\/\/talangeo.com\/index.php?rest_route=\/wp\/v2\/types\/page"}],"author":[{"embeddable":true,"href":"https:\/\/talangeo.com\/index.php?rest_route=\/wp\/v2\/users\/1"}],"replies":[{"embeddable":true,"href":"https:\/\/talangeo.com\/index.php?rest_route=%2Fwp%2Fv2%2Fcomments&post=9128"}],"version-history":[{"count":37,"href":"https:\/\/talangeo.com\/index.php?rest_route=\/wp\/v2\/pages\/9128\/revisions"}],"predecessor-version":[{"id":9202,"href":"https:\/\/talangeo.com\/index.php?rest_route=\/wp\/v2\/pages\/9128\/revisions\/9202"}],"wp:attachment":[{"href":"https:\/\/talangeo.com\/index.php?rest_route=%2Fwp%2Fv2%2Fmedia&parent=9128"}],"curies":[{"name":"wp","href":"https:\/\/api.w.org\/{rel}","templated":true}]}}