{"id":6784,"date":"2021-10-05T13:12:07","date_gmt":"2021-10-05T13:12:07","guid":{"rendered":"https:\/\/talangeo.com\/?page_id=6784"},"modified":"2022-11-28T10:45:42","modified_gmt":"2022-11-28T09:45:42","slug":"kontakt","status":"publish","type":"page","link":"https:\/\/talangeo.com\/?page_id=6784&lang=pl","title":{"rendered":"Kontakt"},"content":{"rendered":"\t\t<div data-elementor-type=\"wp-page\" data-elementor-id=\"6784\" class=\"elementor elementor-6784\">\n\t\t\t\t\t\t<section class=\"elementor-section elementor-top-section elementor-element elementor-element-efe7969 elementor-section-boxed elementor-section-height-default elementor-section-height-default exad-glass-effect-no exad-sticky-section-no\" data-id=\"efe7969\" data-element_type=\"section\">\n\t\t\t\t\t\t<div class=\"elementor-container elementor-column-gap-default\">\n\t\t\t\t\t<div class=\"elementor-column elementor-col-50 elementor-top-column elementor-element elementor-element-dca790f exad-glass-effect-no exad-sticky-section-no\" data-id=\"dca790f\" data-element_type=\"column\">\n\t\t\t<div class=\"elementor-widget-wrap elementor-element-populated\">\n\t\t\t\t\t\t<div class=\"elementor-element elementor-element-2480814 exad-sticky-section-no exad-glass-effect-no elementor-widget elementor-widget-creote-contact-form-v1\" data-id=\"2480814\" data-element_type=\"widget\" data-widget_type=\"creote-contact-form-v1.default\">\n\t\t\t\t<div class=\"elementor-widget-container\">\n\t\t\t<section class=\"contact_form_box_all type_three\"\r\n   data-aos=\"fade-up\"  data-aos-offset=\"0\"\r\n  data-aos-delay=\"0\" >\r\n    <div class=\"contact_form_box_inner simple_form\">\r\n    <div class=\"contact_form_shortcode\">\r\n            \n<div class=\"wpcf7 no-js\" id=\"wpcf7-f6926-o1\" lang=\"pl-PL\" dir=\"ltr\">\n<div class=\"screen-reader-response\"><p role=\"status\" aria-live=\"polite\" aria-atomic=\"true\"><\/p> <ul><\/ul><\/div>\n<form action=\"\/index.php?rest_route=%2Fwp%2Fv2%2Fpages%2F6784#wpcf7-f6926-o1\" method=\"post\" class=\"wpcf7-form init\" aria-label=\"Formularz kontaktowy\" novalidate=\"novalidate\" data-status=\"init\">\n<div style=\"display: none;\">\n<input type=\"hidden\" name=\"_wpcf7\" value=\"6926\" \/>\n<input type=\"hidden\" name=\"_wpcf7_version\" value=\"5.9.5\" \/>\n<input type=\"hidden\" name=\"_wpcf7_locale\" value=\"pl_PL\" \/>\n<input type=\"hidden\" name=\"_wpcf7_unit_tag\" value=\"wpcf7-f6926-o1\" \/>\n<input type=\"hidden\" name=\"_wpcf7_container_post\" value=\"0\" \/>\n<input type=\"hidden\" name=\"_wpcf7_posted_data_hash\" value=\"\" \/>\n<input type=\"hidden\" name=\"_wpcf7_recaptcha_response\" value=\"\" \/>\n<\/div>\n<p><label> Imi\u0119 i nazwisko<br \/>\n<span class=\"wpcf7-form-control-wrap\" data-name=\"your-name\"><input size=\"40\" class=\"wpcf7-form-control wpcf7-text wpcf7-validates-as-required\" aria-required=\"true\" aria-invalid=\"false\" value=\"\" type=\"text\" name=\"your-name\" \/><\/span> <\/label>\n<\/p>\n<p><label> Tw\u00f3j email<br \/>\n<span class=\"wpcf7-form-control-wrap\" data-name=\"your-email\"><input size=\"40\" class=\"wpcf7-form-control wpcf7-email wpcf7-validates-as-required wpcf7-text wpcf7-validates-as-email\" aria-required=\"true\" aria-invalid=\"false\" value=\"\" type=\"email\" name=\"your-email\" \/><\/span> <\/label>\n<\/p>\n<p><label> Nazwa organizacji<br \/>\n<span class=\"wpcf7-form-control-wrap\" data-name=\"your-company\"><input size=\"40\" class=\"wpcf7-form-control wpcf7-text wpcf7-validates-as-required\" aria-required=\"true\" aria-invalid=\"false\" value=\"\" type=\"text\" name=\"your-company\" \/><\/span> <\/label>\n<\/p>\n<p><label> Twoja wiadomo\u015b\u0107<br \/>\n<span class=\"wpcf7-form-control-wrap\" data-name=\"your-message\"><textarea cols=\"40\" rows=\"10\" class=\"wpcf7-form-control wpcf7-textarea\" aria-invalid=\"false\" name=\"your-message\"><\/textarea><\/span> <\/label>\n<\/p>\n<p><input class=\"wpcf7-form-control wpcf7-submit has-spinner\" type=\"submit\" value=\"Wy\u015blij\" \/>\n<\/p><div class=\"wpcf7-response-output\" aria-hidden=\"true\"><\/div>\n<\/form>\n<\/div>\n          <\/div>\r\n  <\/div>\r\n  <\/section>\r\n\t\t<\/div>\n\t\t\t\t<\/div>\n\t\t\t\t\t<\/div>\n\t\t<\/div>\n\t\t\t\t<div class=\"elementor-column elementor-col-50 elementor-top-column elementor-element elementor-element-5d654ed exad-glass-effect-no exad-sticky-section-no\" data-id=\"5d654ed\" data-element_type=\"column\">\n\t\t\t<div class=\"elementor-widget-wrap elementor-element-populated\">\n\t\t\t\t\t\t<div class=\"elementor-element elementor-element-03e0660 exad-sticky-section-no exad-glass-effect-no elementor-widget elementor-widget-creote-title-v1\" data-id=\"03e0660\" data-element_type=\"widget\" data-widget_type=\"creote-title-v1.default\">\n\t\t\t\t<div class=\"elementor-widget-container\">\n\t\t\t<div class=\"title_all_box style_one  dark_color\" >\r\n         <div class=\"title_sections left\">\r\n            <div class=\"before_title\">\r\n         Dane kontaktowe      <\/div>\r\n                    <div class=\"title\">  Skontaktuj si\u0119 z naszym zespo\u0142em ekspert\u00f3w<\/div>\r\n                  <p>  Zach\u0119camy do wys\u0142ania wiadomo\u015b\u0107 przez formularz kontaktowy. Je\u015bli Twoje zapytanie nie mo\u017ce czeka\u0107, prosimy o skorzystanie z poni\u017cszych danych kontaktowych.<\/p>\r\n         <\/div>\r\n               \r\n<\/div>\r\n\t\t<\/div>\n\t\t\t\t<\/div>\n\t\t\t\t<div class=\"elementor-element elementor-element-83e33b0 exad-sticky-section-no exad-glass-effect-no elementor-widget elementor-widget-creote-contact-box-v1\" data-id=\"83e33b0\" data-element_type=\"widget\" data-widget_type=\"creote-contact-box-v1.default\">\n\t\t\t\t<div class=\"elementor-widget-container\">\n\t\t\t<div class=\"contact_box_content  style_one\"   data-aos=\"fade-up\" data-aos-delay=\"0\" data-aos-offset=\"0\" >\r\n      <div class=\"contact_box_inner  icon_yes \">\r\n            <div class=\"icon_bx\">\r\n         <span class=\"fa fa-envelope-o\"><\/span>\r\n      <\/div>\r\n            <div class=\"contnet\">\r\n                  <h3> Napisz do nas <\/h3>\r\n                           <p>\r\n            magdalena@talangeo.com         <\/p>\r\n               <\/div>\r\n   <\/div>\r\n   <\/div>\r\n\t\t<\/div>\n\t\t\t\t<\/div>\n\t\t\t\t<div class=\"elementor-element elementor-element-eb3e0de exad-sticky-section-no exad-glass-effect-no elementor-widget elementor-widget-creote-contact-box-v1\" data-id=\"eb3e0de\" data-element_type=\"widget\" data-widget_type=\"creote-contact-box-v1.default\">\n\t\t\t\t<div class=\"elementor-widget-container\">\n\t\t\t<div class=\"contact_box_content  style_one\"   data-aos=\"fade-up\" data-aos-delay=\"0\" data-aos-offset=\"0\" >\r\n      <div class=\"contact_box_inner  icon_yes \">\r\n            <div class=\"icon_bx\">\r\n         <span class=\" icon-phone-call\"><\/span>\r\n      <\/div>\r\n            <div class=\"contnet\">\r\n                  <h3> Zadzwo\u0144 <\/h3>\r\n                           <p>\r\n            +48 737 878 330         <\/p>\r\n               <\/div>\r\n   <\/div>\r\n   <\/div>\r\n\t\t<\/div>\n\t\t\t\t<\/div>\n\t\t\t\t<div class=\"elementor-element elementor-element-99fcee1 exad-sticky-section-no exad-glass-effect-no elementor-widget elementor-widget-spacer\" data-id=\"99fcee1\" data-element_type=\"widget\" data-widget_type=\"spacer.default\">\n\t\t\t\t<div class=\"elementor-widget-container\">\n\t\t\t<style>\/*! elementor - v3.21.0 - 22-05-2024 *\/\n.elementor-column .elementor-spacer-inner{height:var(--spacer-size)}.e-con{--container-widget-width:100%}.e-con-inner>.elementor-widget-spacer,.e-con>.elementor-widget-spacer{width:var(--container-widget-width,var(--spacer-size));--align-self:var(--container-widget-align-self,initial);--flex-shrink:0}.e-con-inner>.elementor-widget-spacer>.elementor-widget-container,.e-con>.elementor-widget-spacer>.elementor-widget-container{height:100%;width:100%}.e-con-inner>.elementor-widget-spacer>.elementor-widget-container>.elementor-spacer,.e-con>.elementor-widget-spacer>.elementor-widget-container>.elementor-spacer{height:100%}.e-con-inner>.elementor-widget-spacer>.elementor-widget-container>.elementor-spacer>.elementor-spacer-inner,.e-con>.elementor-widget-spacer>.elementor-widget-container>.elementor-spacer>.elementor-spacer-inner{height:var(--container-widget-height,var(--spacer-size))}.e-con-inner>.elementor-widget-spacer.elementor-widget-empty,.e-con>.elementor-widget-spacer.elementor-widget-empty{position:relative;min-height:22px;min-width:22px}.e-con-inner>.elementor-widget-spacer.elementor-widget-empty .elementor-widget-empty-icon,.e-con>.elementor-widget-spacer.elementor-widget-empty .elementor-widget-empty-icon{position:absolute;top:0;bottom:0;left:0;right:0;margin:auto;padding:0;width:22px;height:22px}<\/style>\t\t<div class=\"elementor-spacer\">\n\t\t\t<div class=\"elementor-spacer-inner\"><\/div>\n\t\t<\/div>\n\t\t\t\t<\/div>\n\t\t\t\t<\/div>\n\t\t\t\t<div class=\"elementor-element elementor-element-9ef4ed3 exad-sticky-section-no exad-glass-effect-no elementor-widget elementor-widget-creote-social-media-v1\" data-id=\"9ef4ed3\" data-element_type=\"widget\" data-widget_type=\"creote-social-media-v1.default\">\n\t\t\t\t<div class=\"elementor-widget-container\">\n\t\t\t<div class=\"social_media_v_one\">\r\n   <ul>\r\n            <li >\r\n         <a href=\"https:\/\/www.facebook.com\/profile.php?id=100087993642605\" target=\"_blank\" rel=\"noopener\"> <span class=\"fa fa-facebook\"><\/span>\r\n         <small>facebook<\/small>\r\n         <\/a>\r\n      <\/li>\r\n            <li >\r\n         <a href=\"https:\/\/www.linkedin.com\/in\/magdalena-klimczyk-31113568\/?originalSubdomain=pl\" target=\"_blank\" rel=\"noopener\"> <span class=\"fa fa-linkedin\"><\/span>\r\n         <small>linkedin<\/small>\r\n         <\/a>\r\n      <\/li>\r\n         <\/ul>\r\n<\/div>\r\n\t\t<\/div>\n\t\t\t\t<\/div>\n\t\t\t\t\t<\/div>\n\t\t<\/div>\n\t\t\t\t\t<\/div>\n\t\t<\/section>\n\t\t\t\t<\/div>\n\t\t","protected":false},"excerpt":{"rendered":"<p>Imi\u0119 i nazwisko Tw\u00f3j email Nazwa organizacji Strona internetowa Twoja wiadomo\u015b\u0107 Dane kontaktowe Skontaktuj si\u0119 z naszym zespo\u0142em ekspert\u00f3w Zach\u0119camy do wys\u0142ania wiadomo\u015b\u0107 przez formularz kontaktowy. Je\u015bli Twoje zapytanie nie mo\u017ce czeka\u0107, prosimy o skorzystanie z poni\u017cszych danych kontaktowych. Napisz do nas magdalena@talangeo.com Zadzwo\u0144 +48 737 878 330 facebook linkedin<\/p>\n","protected":false},"author":1,"featured_media":0,"parent":0,"menu_order":0,"comment_status":"closed","ping_status":"closed","template":"template-fullwidth.php","meta":{"footnotes":""},"_links":{"self":[{"href":"https:\/\/talangeo.com\/index.php?rest_route=\/wp\/v2\/pages\/6784"}],"collection":[{"href":"https:\/\/talangeo.com\/index.php?rest_route=\/wp\/v2\/pages"}],"about":[{"href":"https:\/\/talangeo.com\/index.php?rest_route=\/wp\/v2\/types\/page"}],"author":[{"embeddable":true,"href":"https:\/\/talangeo.com\/index.php?rest_route=\/wp\/v2\/users\/1"}],"replies":[{"embeddable":true,"href":"https:\/\/talangeo.com\/index.php?rest_route=%2Fwp%2Fv2%2Fcomments&post=6784"}],"version-history":[{"count":13,"href":"https:\/\/talangeo.com\/index.php?rest_route=\/wp\/v2\/pages\/6784\/revisions"}],"predecessor-version":[{"id":7387,"href":"https:\/\/talangeo.com\/index.php?rest_route=\/wp\/v2\/pages\/6784\/revisions\/7387"}],"wp:attachment":[{"href":"https:\/\/talangeo.com\/index.php?rest_route=%2Fwp%2Fv2%2Fmedia&parent=6784"}],"curies":[{"name":"wp","href":"https:\/\/api.w.org\/{rel}","templated":true}]}}