{"id":6734,"date":"2021-10-12T13:30:48","date_gmt":"2021-10-12T11:30:48","guid":{"rendered":"https:\/\/talangeo.com\/?page_id=6734"},"modified":"2023-11-21T17:56:15","modified_gmt":"2023-11-21T16:56:15","slug":"uslugi","status":"publish","type":"page","link":"https:\/\/talangeo.com\/?page_id=6734&lang=pl","title":{"rendered":"Us\u0142ugi"},"content":{"rendered":"\t\t<div data-elementor-type=\"wp-page\" data-elementor-id=\"6734\" class=\"elementor elementor-6734\">\n\t\t\t\t\t\t<section class=\"elementor-section elementor-top-section elementor-element elementor-element-fc56900 elementor-section-stretched elementor-section-boxed elementor-section-height-default elementor-section-height-default exad-glass-effect-no exad-sticky-section-no\" data-id=\"fc56900\" data-element_type=\"section\" data-settings=\"{&quot;background_background&quot;:&quot;classic&quot;,&quot;stretch_section&quot;:&quot;section-stretched&quot;}\">\n\t\t\t\t\t\t<div class=\"elementor-container elementor-column-gap-default\">\n\t\t\t\t\t<div class=\"elementor-column elementor-col-100 elementor-top-column elementor-element elementor-element-e9941d8 exad-glass-effect-no exad-sticky-section-no\" data-id=\"e9941d8\" data-element_type=\"column\">\n\t\t\t<div class=\"elementor-widget-wrap elementor-element-populated\">\n\t\t\t\t\t\t<div class=\"elementor-element elementor-element-e907eff exad-sticky-section-no exad-glass-effect-no elementor-widget elementor-widget-creote-title-v1\" data-id=\"e907eff\" data-element_type=\"widget\" data-widget_type=\"creote-title-v1.default\">\n\t\t\t\t<div class=\"elementor-widget-container\">\n\t\t\t<div class=\"title_all_box style_one  dark_color\" >\r\n         <div class=\"title_sections center\">\r\n            <div class=\"before_title\">\r\n         Nasze obszary rekrutacji:      <\/div>\r\n                     <\/div>\r\n               \r\n<\/div>\r\n\t\t<\/div>\n\t\t\t\t<\/div>\n\t\t\t\t<section class=\"elementor-section elementor-inner-section elementor-element elementor-element-729af4e elementor-section-boxed elementor-section-height-default elementor-section-height-default exad-glass-effect-no exad-sticky-section-no\" data-id=\"729af4e\" data-element_type=\"section\">\n\t\t\t\t\t\t<div class=\"elementor-container elementor-column-gap-default\">\n\t\t\t\t\t<div class=\"elementor-column elementor-col-33 elementor-inner-column elementor-element elementor-element-63ee95f exad-glass-effect-no exad-sticky-section-no\" data-id=\"63ee95f\" data-element_type=\"column\">\n\t\t\t<div class=\"elementor-widget-wrap elementor-element-populated\">\n\t\t\t\t\t\t<div class=\"elementor-element elementor-element-bdd1935 elementor-view-stacked elementor-shape-circle elementor-position-top elementor-mobile-position-top exad-sticky-section-no exad-glass-effect-no elementor-widget elementor-widget-icon-box\" data-id=\"bdd1935\" data-element_type=\"widget\" data-widget_type=\"icon-box.default\">\n\t\t\t\t<div class=\"elementor-widget-container\">\n\t\t\t<link rel=\"stylesheet\" href=\"https:\/\/talangeo.com\/wp-content\/plugins\/elementor\/assets\/css\/widget-icon-box.min.css\">\t\t<div class=\"elementor-icon-box-wrapper\">\n\n\t\t\t\t\t\t<div class=\"elementor-icon-box-icon\">\n\t\t\t\t<span  class=\"elementor-icon elementor-animation-shrink\">\n\t\t\t\t<i aria-hidden=\"true\" class=\"fas fa-laptop-code\"><\/i>\t\t\t\t<\/span>\n\t\t\t<\/div>\n\t\t\t\n\t\t\t\t\t\t<div class=\"elementor-icon-box-content\">\n\n\t\t\t\t\t\t\t\t\t<h3 class=\"elementor-icon-box-title\">\n\t\t\t\t\t\t<span  >\n\t\t\t\t\t\t\tIT\t\t\t\t\t\t<\/span>\n\t\t\t\t\t<\/h3>\n\t\t\t\t\n\t\t\t\t\n\t\t\t<\/div>\n\t\t\t\n\t\t<\/div>\n\t\t\t\t<\/div>\n\t\t\t\t<\/div>\n\t\t\t\t\t<\/div>\n\t\t<\/div>\n\t\t\t\t<div class=\"elementor-column elementor-col-33 elementor-inner-column elementor-element elementor-element-e287047 exad-glass-effect-no exad-sticky-section-no\" data-id=\"e287047\" data-element_type=\"column\">\n\t\t\t<div class=\"elementor-widget-wrap elementor-element-populated\">\n\t\t\t\t\t\t<div class=\"elementor-element elementor-element-be42a3c elementor-view-stacked elementor-shape-circle elementor-position-top elementor-mobile-position-top exad-sticky-section-no exad-glass-effect-no elementor-widget elementor-widget-icon-box\" data-id=\"be42a3c\" data-element_type=\"widget\" data-widget_type=\"icon-box.default\">\n\t\t\t\t<div class=\"elementor-widget-container\">\n\t\t\t\t\t<div class=\"elementor-icon-box-wrapper\">\n\n\t\t\t\t\t\t<div class=\"elementor-icon-box-icon\">\n\t\t\t\t<span  class=\"elementor-icon elementor-animation-shrink\">\n\t\t\t\t<i aria-hidden=\"true\" class=\"fas fa-hands-helping\"><\/i>\t\t\t\t<\/span>\n\t\t\t<\/div>\n\t\t\t\n\t\t\t\t\t\t<div class=\"elementor-icon-box-content\">\n\n\t\t\t\t\t\t\t\t\t<h3 class=\"elementor-icon-box-title\">\n\t\t\t\t\t\t<span  >\n\t\t\t\t\t\t\tObs\u0142uga klienta\t\t\t\t\t\t<\/span>\n\t\t\t\t\t<\/h3>\n\t\t\t\t\n\t\t\t\t\t\t\t\t\t<p class=\"elementor-icon-box-description\">\n\t\t\t\t\t\tobs\u0142uga j\u0119zyk\u00f3w: <br>szwedzki, norweski, niemiecki, angielski\t\t\t\t\t<\/p>\n\t\t\t\t\n\t\t\t<\/div>\n\t\t\t\n\t\t<\/div>\n\t\t\t\t<\/div>\n\t\t\t\t<\/div>\n\t\t\t\t\t<\/div>\n\t\t<\/div>\n\t\t\t\t<div class=\"elementor-column elementor-col-33 elementor-inner-column elementor-element elementor-element-128fd69 exad-glass-effect-no exad-sticky-section-no\" data-id=\"128fd69\" data-element_type=\"column\">\n\t\t\t<div class=\"elementor-widget-wrap elementor-element-populated\">\n\t\t\t\t\t\t<div class=\"elementor-element elementor-element-c72412d elementor-view-stacked elementor-shape-circle elementor-position-top elementor-mobile-position-top exad-sticky-section-no exad-glass-effect-no elementor-widget elementor-widget-icon-box\" data-id=\"c72412d\" data-element_type=\"widget\" data-widget_type=\"icon-box.default\">\n\t\t\t\t<div class=\"elementor-widget-container\">\n\t\t\t\t\t<div class=\"elementor-icon-box-wrapper\">\n\n\t\t\t\t\t\t<div class=\"elementor-icon-box-icon\">\n\t\t\t\t<span  class=\"elementor-icon elementor-animation-shrink\">\n\t\t\t\t<i aria-hidden=\"true\" class=\"fas fa-business-time\"><\/i>\t\t\t\t<\/span>\n\t\t\t<\/div>\n\t\t\t\n\t\t\t\t\t\t<div class=\"elementor-icon-box-content\">\n\n\t\t\t\t\t\t\t\t\t<h3 class=\"elementor-icon-box-title\">\n\t\t\t\t\t\t<span  >\n\t\t\t\t\t\t\tSprzeda\u017c \/ marketing\t\t\t\t\t\t<\/span>\n\t\t\t\t\t<\/h3>\n\t\t\t\t\n\t\t\t\t\n\t\t\t<\/div>\n\t\t\t\n\t\t<\/div>\n\t\t\t\t<\/div>\n\t\t\t\t<\/div>\n\t\t\t\t\t<\/div>\n\t\t<\/div>\n\t\t\t\t\t<\/div>\n\t\t<\/section>\n\t\t\t\t\t<\/div>\n\t\t<\/div>\n\t\t\t\t\t<\/div>\n\t\t<\/section>\n\t\t\t\t<section class=\"elementor-section elementor-top-section elementor-element elementor-element-00e5b10 elementor-section-stretched elementor-section-full_width elementor-section-height-default elementor-section-height-default exad-glass-effect-no exad-sticky-section-no\" data-id=\"00e5b10\" data-element_type=\"section\" data-settings=\"{&quot;background_background&quot;:&quot;classic&quot;,&quot;stretch_section&quot;:&quot;section-stretched&quot;}\">\n\t\t\t\t\t\t<div class=\"elementor-container elementor-column-gap-default\">\n\t\t\t\t\t<div class=\"elementor-column elementor-col-100 elementor-top-column elementor-element elementor-element-fa7dfec exad-glass-effect-no exad-sticky-section-no\" data-id=\"fa7dfec\" data-element_type=\"column\">\n\t\t\t<div class=\"elementor-widget-wrap elementor-element-populated\">\n\t\t\t\t\t\t<div class=\"elementor-element elementor-element-1a0ae9f exad-sticky-section-no exad-glass-effect-no elementor-widget elementor-widget-creote-title-v1\" data-id=\"1a0ae9f\" data-element_type=\"widget\" data-widget_type=\"creote-title-v1.default\">\n\t\t\t\t<div class=\"elementor-widget-container\">\n\t\t\t<div class=\"title_all_box style_three  dark_color\" >\r\n         <div class=\"title_sections three center\">\r\n                    <div class=\"title\">   Nasze us\u0142ugi<\/div>\r\n               <\/div>\r\n               \r\n<\/div>\r\n\t\t<\/div>\n\t\t\t\t<\/div>\n\t\t\t\t\t<\/div>\n\t\t<\/div>\n\t\t\t\t\t<\/div>\n\t\t<\/section>\n\t\t\t\t<section class=\"elementor-section elementor-top-section elementor-element elementor-element-5329015 elementor-section-stretched exad-sticky-section-yes elementor-section-boxed elementor-section-height-default elementor-section-height-default\" data-id=\"5329015\" data-element_type=\"section\" data-settings=\"{&quot;stretch_section&quot;:&quot;section-stretched&quot;,&quot;exad_sticky_top_spacing&quot;:20}\">\n\t\t\t\t\t\t<div class=\"elementor-container elementor-column-gap-no\">\n\t\t\t\t\t<div class=\"elementor-column elementor-col-100 elementor-top-column elementor-element elementor-element-dbec14b exad-glass-effect-no exad-sticky-section-no\" data-id=\"dbec14b\" data-element_type=\"column\">\n\t\t\t<div class=\"elementor-widget-wrap elementor-element-populated\">\n\t\t\t\t\t\t<div class=\"elementor-element elementor-element-653c56e exad-sticky-section-yes exad-glass-effect-no elementor-widget elementor-widget-creote-service-post-v1\" data-id=\"653c56e\" data-element_type=\"widget\" data-settings=\"{&quot;exad_sticky_top_spacing&quot;:20}\" data-widget_type=\"creote-service-post-v1.default\">\n\t\t\t\t<div class=\"elementor-widget-container\">\n\t\t\t<section class=\"service_section grid_all four_column news_wrapper_grid light_color\">\r\n   <div class=\"grid_show_case grid_layout clearfix\">\r\n                                    <div class=\"grid_box _card\">\r\n         <div class=\"service_post style_one \" >\r\n                        <div class=\"image\">\r\n               <div class=\"overlay\"><\/div>\r\n               <img fetchpriority=\"high\" decoding=\"async\" width=\"2560\" height=\"1707\" src=\"https:\/\/talangeo.com\/wp-content\/uploads\/2021\/10\/kevin-bhagat-zNRITe8NPqY-unsplash-scaled.jpg\" class=\"attachment-creote-service-grid-270-180 size-creote-service-grid-270-180 wp-post-image\" alt=\"recruitment areas: Recruitment on-demand\" srcset=\"https:\/\/talangeo.com\/wp-content\/uploads\/2021\/10\/kevin-bhagat-zNRITe8NPqY-unsplash-scaled.jpg 2560w, https:\/\/talangeo.com\/wp-content\/uploads\/2021\/10\/kevin-bhagat-zNRITe8NPqY-unsplash-300x200.jpg 300w, https:\/\/talangeo.com\/wp-content\/uploads\/2021\/10\/kevin-bhagat-zNRITe8NPqY-unsplash-1024x683.jpg 1024w, https:\/\/talangeo.com\/wp-content\/uploads\/2021\/10\/kevin-bhagat-zNRITe8NPqY-unsplash-768x512.jpg 768w, https:\/\/talangeo.com\/wp-content\/uploads\/2021\/10\/kevin-bhagat-zNRITe8NPqY-unsplash-1536x1024.jpg 1536w, https:\/\/talangeo.com\/wp-content\/uploads\/2021\/10\/kevin-bhagat-zNRITe8NPqY-unsplash-2048x1365.jpg 2048w\" sizes=\"(max-width: 2560px) 100vw, 2560px\" \/>            <\/div>\r\n               \r\n            <div class=\"service_content icon_yes\">\r\n                              <div class=\"icon_box\">\r\n                  <span class=\"icon icon-thumbs-up icon\"><\/span>\r\n               <\/div>\r\n                              <h2 class=\"title_service\"><a href=\"https:\/\/talangeo.com\/?service=recruitment-on-demand\" rel=\"bookmark\">Talangeo Recruitment Partnership<\/a><\/h2>                              <p class=\"short_desc\">Outsource your recruitment processes, win back your time and resources.<\/p>\r\n                              <a class=\"read_more\" href=\"https:\/\/talangeo.com\/?service=recruitment-on-demand\"> Poznaj szczeg\u00f3\u0142y<i class=\"icon-right-arrow-long\"><\/i><\/a>\r\n            <\/div>\r\n         <\/div>\r\n      <\/div>\r\n                                    <div class=\"grid_box _card\">\r\n         <div class=\"service_post style_one \" >\r\n                        <div class=\"image\">\r\n               <div class=\"overlay\"><\/div>\r\n               <img fetchpriority=\"high\" decoding=\"async\" width=\"2560\" height=\"1707\" src=\"https:\/\/talangeo.com\/wp-content\/uploads\/2021\/10\/kevin-bhagat-zNRITe8NPqY-unsplash-scaled.jpg\" class=\"attachment-creote-service-grid-270-180 size-creote-service-grid-270-180 wp-post-image\" alt=\"recruitment areas: Recruitment on-demand\" srcset=\"https:\/\/talangeo.com\/wp-content\/uploads\/2021\/10\/kevin-bhagat-zNRITe8NPqY-unsplash-scaled.jpg 2560w, https:\/\/talangeo.com\/wp-content\/uploads\/2021\/10\/kevin-bhagat-zNRITe8NPqY-unsplash-300x200.jpg 300w, https:\/\/talangeo.com\/wp-content\/uploads\/2021\/10\/kevin-bhagat-zNRITe8NPqY-unsplash-1024x683.jpg 1024w, https:\/\/talangeo.com\/wp-content\/uploads\/2021\/10\/kevin-bhagat-zNRITe8NPqY-unsplash-768x512.jpg 768w, https:\/\/talangeo.com\/wp-content\/uploads\/2021\/10\/kevin-bhagat-zNRITe8NPqY-unsplash-1536x1024.jpg 1536w, https:\/\/talangeo.com\/wp-content\/uploads\/2021\/10\/kevin-bhagat-zNRITe8NPqY-unsplash-2048x1365.jpg 2048w\" sizes=\"(max-width: 2560px) 100vw, 2560px\" \/>            <\/div>\r\n               \r\n            <div class=\"service_content icon_yes\">\r\n                              <div class=\"icon_box\">\r\n                  <span class=\"icon icon-thumbs-up icon\"><\/span>\r\n               <\/div>\r\n                              <h2 class=\"title_service\"><a href=\"https:\/\/talangeo.com\/?service=recruitment-on-demand-2&#038;lang=sv\" rel=\"bookmark\">Rekrytering start-stop<\/a><\/h2>                              <p class=\"short_desc\">Outsourca hela din rekryteringsprocess och f\u00e5 tillbaka din tid och&hellip;<\/p>\r\n                              <a class=\"read_more\" href=\"https:\/\/talangeo.com\/?service=recruitment-on-demand-2&#038;lang=sv\"> Poznaj szczeg\u00f3\u0142y<i class=\"icon-right-arrow-long\"><\/i><\/a>\r\n            <\/div>\r\n         <\/div>\r\n      <\/div>\r\n                                    <div class=\"grid_box _card\">\r\n         <div class=\"service_post style_one \" >\r\n                        <div class=\"image\">\r\n               <div class=\"overlay\"><\/div>\r\n               <img fetchpriority=\"high\" decoding=\"async\" width=\"2560\" height=\"1707\" src=\"https:\/\/talangeo.com\/wp-content\/uploads\/2021\/10\/kevin-bhagat-zNRITe8NPqY-unsplash-scaled.jpg\" class=\"attachment-creote-service-grid-270-180 size-creote-service-grid-270-180 wp-post-image\" alt=\"recruitment areas: Recruitment on-demand\" srcset=\"https:\/\/talangeo.com\/wp-content\/uploads\/2021\/10\/kevin-bhagat-zNRITe8NPqY-unsplash-scaled.jpg 2560w, https:\/\/talangeo.com\/wp-content\/uploads\/2021\/10\/kevin-bhagat-zNRITe8NPqY-unsplash-300x200.jpg 300w, https:\/\/talangeo.com\/wp-content\/uploads\/2021\/10\/kevin-bhagat-zNRITe8NPqY-unsplash-1024x683.jpg 1024w, https:\/\/talangeo.com\/wp-content\/uploads\/2021\/10\/kevin-bhagat-zNRITe8NPqY-unsplash-768x512.jpg 768w, https:\/\/talangeo.com\/wp-content\/uploads\/2021\/10\/kevin-bhagat-zNRITe8NPqY-unsplash-1536x1024.jpg 1536w, https:\/\/talangeo.com\/wp-content\/uploads\/2021\/10\/kevin-bhagat-zNRITe8NPqY-unsplash-2048x1365.jpg 2048w\" sizes=\"(max-width: 2560px) 100vw, 2560px\" \/>            <\/div>\r\n               \r\n            <div class=\"service_content icon_yes\">\r\n                              <div class=\"icon_box\">\r\n                  <span class=\"icon icon-thumbs-up icon\"><\/span>\r\n               <\/div>\r\n                              <h2 class=\"title_service\"><a href=\"https:\/\/talangeo.com\/?service=rekrutacja-start-stop&#038;lang=pl\" rel=\"bookmark\">Rekrutacja start-stop<\/a><\/h2>                              <p class=\"short_desc\">Outsource&#039;uj ca\u0142e procesy rekrutacyjne, odzyskaj sw\u00f3j czas i zasoby.<\/p>\r\n                              <a class=\"read_more\" href=\"https:\/\/talangeo.com\/?service=rekrutacja-start-stop&#038;lang=pl\"> Poznaj szczeg\u00f3\u0142y<i class=\"icon-right-arrow-long\"><\/i><\/a>\r\n            <\/div>\r\n         <\/div>\r\n      <\/div>\r\n                                    <div class=\"grid_box _card\">\r\n         <div class=\"service_post style_one \" >\r\n                        <div class=\"image\">\r\n               <div class=\"overlay\"><\/div>\r\n               <img decoding=\"async\" width=\"1920\" height=\"1156\" src=\"https:\/\/talangeo.com\/wp-content\/uploads\/2021\/10\/job-5382501_1920.jpg\" class=\"attachment-creote-service-grid-270-180 size-creote-service-grid-270-180 wp-post-image\" alt=\"Talangeo Selection\" srcset=\"https:\/\/talangeo.com\/wp-content\/uploads\/2021\/10\/job-5382501_1920.jpg 1920w, https:\/\/talangeo.com\/wp-content\/uploads\/2021\/10\/job-5382501_1920-300x181.jpg 300w, https:\/\/talangeo.com\/wp-content\/uploads\/2021\/10\/job-5382501_1920-1024x617.jpg 1024w, https:\/\/talangeo.com\/wp-content\/uploads\/2021\/10\/job-5382501_1920-768x462.jpg 768w, https:\/\/talangeo.com\/wp-content\/uploads\/2021\/10\/job-5382501_1920-1536x925.jpg 1536w\" sizes=\"(max-width: 1920px) 100vw, 1920px\" \/>            <\/div>\r\n               \r\n            <div class=\"service_content icon_yes\">\r\n                              <div class=\"icon_box\">\r\n                  <span class=\"icon icon-thumbs-up icon\"><\/span>\r\n               <\/div>\r\n                              <h2 class=\"title_service\"><a href=\"https:\/\/talangeo.com\/?service=talangeo-selection\" rel=\"bookmark\">Talangeo Classic Selection<\/a><\/h2>                              <p class=\"short_desc\">Increase your talent pool and selection options.<\/p>\r\n                              <a class=\"read_more\" href=\"https:\/\/talangeo.com\/?service=talangeo-selection\"> Poznaj szczeg\u00f3\u0142y<i class=\"icon-right-arrow-long\"><\/i><\/a>\r\n            <\/div>\r\n         <\/div>\r\n      <\/div>\r\n                     <\/div>\r\n     \r\n<\/section>\r\n\t\t<\/div>\n\t\t\t\t<\/div>\n\t\t\t\t\t<\/div>\n\t\t<\/div>\n\t\t\t\t\t<\/div>\n\t\t<\/section>\n\t\t\t\t<\/div>\n\t\t","protected":false},"excerpt":{"rendered":"<p>Nasze obszary rekrutacji: IT Obs\u0142uga klienta obs\u0142uga j\u0119zyk\u00f3w: szwedzki, norweski, niemiecki, angielski Sprzeda\u017c \/ marketing Nasze us\u0142ugi Talangeo Recruitment Partnership Outsource your recruitment processes, win back your time and resources. Poznaj szczeg\u00f3\u0142y Rekrytering start-stop Outsourca hela din rekryteringsprocess och f\u00e5 tillbaka din tid och&hellip; Poznaj szczeg\u00f3\u0142y Rekrutacja start-stop Outsource&#039;uj ca\u0142e procesy rekrutacyjne, odzyskaj sw\u00f3j czas [&hellip;]<\/p>\n","protected":false},"author":1,"featured_media":0,"parent":0,"menu_order":0,"comment_status":"closed","ping_status":"closed","template":"template-homepage.php","meta":{"footnotes":""},"_links":{"self":[{"href":"https:\/\/talangeo.com\/index.php?rest_route=\/wp\/v2\/pages\/6734"}],"collection":[{"href":"https:\/\/talangeo.com\/index.php?rest_route=\/wp\/v2\/pages"}],"about":[{"href":"https:\/\/talangeo.com\/index.php?rest_route=\/wp\/v2\/types\/page"}],"author":[{"embeddable":true,"href":"https:\/\/talangeo.com\/index.php?rest_route=\/wp\/v2\/users\/1"}],"replies":[{"embeddable":true,"href":"https:\/\/talangeo.com\/index.php?rest_route=%2Fwp%2Fv2%2Fcomments&post=6734"}],"version-history":[{"count":79,"href":"https:\/\/talangeo.com\/index.php?rest_route=\/wp\/v2\/pages\/6734\/revisions"}],"predecessor-version":[{"id":9274,"href":"https:\/\/talangeo.com\/index.php?rest_route=\/wp\/v2\/pages\/6734\/revisions\/9274"}],"wp:attachment":[{"href":"https:\/\/talangeo.com\/index.php?rest_route=%2Fwp%2Fv2%2Fmedia&parent=6734"}],"curies":[{"name":"wp","href":"https:\/\/api.w.org\/{rel}","templated":true}]}}