{"id":6720,"date":"2021-10-12T13:30:48","date_gmt":"2021-10-12T11:30:48","guid":{"rendered":"https:\/\/talangeo.com\/?page_id=6720"},"modified":"2022-11-28T11:43:37","modified_gmt":"2022-11-28T10:43:37","slug":"tjanster","status":"publish","type":"page","link":"https:\/\/talangeo.com\/?page_id=6720&lang=sv","title":{"rendered":"Tj\u00e4nster"},"content":{"rendered":"\t\t<div data-elementor-type=\"wp-page\" data-elementor-id=\"6720\" class=\"elementor elementor-6720\">\n\t\t\t\t\t\t<section class=\"elementor-section elementor-top-section elementor-element elementor-element-1d85e36 elementor-section-stretched elementor-section-boxed elementor-section-height-default elementor-section-height-default exad-glass-effect-no exad-sticky-section-no\" data-id=\"1d85e36\" data-element_type=\"section\" data-settings=\"{&quot;background_background&quot;:&quot;classic&quot;,&quot;stretch_section&quot;:&quot;section-stretched&quot;}\">\n\t\t\t\t\t\t<div class=\"elementor-container elementor-column-gap-default\">\n\t\t\t\t\t<div class=\"elementor-column elementor-col-100 elementor-top-column elementor-element elementor-element-cb3fcb6 exad-glass-effect-no exad-sticky-section-no\" data-id=\"cb3fcb6\" data-element_type=\"column\">\n\t\t\t<div class=\"elementor-widget-wrap elementor-element-populated\">\n\t\t\t\t\t\t<div class=\"elementor-element elementor-element-76c1ad4 exad-sticky-section-no exad-glass-effect-no elementor-widget elementor-widget-creote-title-v1\" data-id=\"76c1ad4\" data-element_type=\"widget\" data-widget_type=\"creote-title-v1.default\">\n\t\t\t\t<div class=\"elementor-widget-container\">\n\t\t\t<div class=\"title_all_box style_one  dark_color\" >\r\n         <div class=\"title_sections center\">\r\n            <div class=\"before_title\">\r\n         V\u00e5ra rekryteringsomr\u00e5den      <\/div>\r\n                     <\/div>\r\n               \r\n<\/div>\r\n\t\t<\/div>\n\t\t\t\t<\/div>\n\t\t\t\t<section class=\"elementor-section elementor-inner-section elementor-element elementor-element-c8b95ce elementor-section-boxed elementor-section-height-default elementor-section-height-default exad-glass-effect-no exad-sticky-section-no\" data-id=\"c8b95ce\" data-element_type=\"section\">\n\t\t\t\t\t\t<div class=\"elementor-container elementor-column-gap-default\">\n\t\t\t\t\t<div class=\"elementor-column elementor-col-33 elementor-inner-column elementor-element elementor-element-a4bee63 exad-glass-effect-no exad-sticky-section-no\" data-id=\"a4bee63\" data-element_type=\"column\">\n\t\t\t<div class=\"elementor-widget-wrap elementor-element-populated\">\n\t\t\t\t\t\t<div class=\"elementor-element elementor-element-942981f elementor-view-stacked elementor-shape-circle elementor-position-top elementor-mobile-position-top exad-sticky-section-no exad-glass-effect-no elementor-widget elementor-widget-icon-box\" data-id=\"942981f\" data-element_type=\"widget\" data-widget_type=\"icon-box.default\">\n\t\t\t\t<div class=\"elementor-widget-container\">\n\t\t\t<link rel=\"stylesheet\" href=\"https:\/\/talangeo.com\/wp-content\/plugins\/elementor\/assets\/css\/widget-icon-box.min.css\">\t\t<div class=\"elementor-icon-box-wrapper\">\n\n\t\t\t\t\t\t<div class=\"elementor-icon-box-icon\">\n\t\t\t\t<span  class=\"elementor-icon elementor-animation-shrink\">\n\t\t\t\t<i aria-hidden=\"true\" class=\"fas fa-laptop-code\"><\/i>\t\t\t\t<\/span>\n\t\t\t<\/div>\n\t\t\t\n\t\t\t\t\t\t<div class=\"elementor-icon-box-content\">\n\n\t\t\t\t\t\t\t\t\t<h3 class=\"elementor-icon-box-title\">\n\t\t\t\t\t\t<span  >\n\t\t\t\t\t\t\tIT\t\t\t\t\t\t<\/span>\n\t\t\t\t\t<\/h3>\n\t\t\t\t\n\t\t\t\t\n\t\t\t<\/div>\n\t\t\t\n\t\t<\/div>\n\t\t\t\t<\/div>\n\t\t\t\t<\/div>\n\t\t\t\t\t<\/div>\n\t\t<\/div>\n\t\t\t\t<div class=\"elementor-column elementor-col-33 elementor-inner-column elementor-element elementor-element-5c9a60d exad-glass-effect-no exad-sticky-section-no\" data-id=\"5c9a60d\" data-element_type=\"column\">\n\t\t\t<div class=\"elementor-widget-wrap elementor-element-populated\">\n\t\t\t\t\t\t<div class=\"elementor-element elementor-element-994682a elementor-view-stacked elementor-shape-circle elementor-position-top elementor-mobile-position-top exad-sticky-section-no exad-glass-effect-no elementor-widget elementor-widget-icon-box\" data-id=\"994682a\" data-element_type=\"widget\" data-widget_type=\"icon-box.default\">\n\t\t\t\t<div class=\"elementor-widget-container\">\n\t\t\t\t\t<div class=\"elementor-icon-box-wrapper\">\n\n\t\t\t\t\t\t<div class=\"elementor-icon-box-icon\">\n\t\t\t\t<span  class=\"elementor-icon elementor-animation-shrink\">\n\t\t\t\t<i aria-hidden=\"true\" class=\"fas fa-hands-helping\"><\/i>\t\t\t\t<\/span>\n\t\t\t<\/div>\n\t\t\t\n\t\t\t\t\t\t<div class=\"elementor-icon-box-content\">\n\n\t\t\t\t\t\t\t\t\t<h3 class=\"elementor-icon-box-title\">\n\t\t\t\t\t\t<span  >\n\t\t\t\t\t\t\tKundservice\t\t\t\t\t\t<\/span>\n\t\t\t\t\t<\/h3>\n\t\t\t\t\n\t\t\t\t\t\t\t\t\t<p class=\"elementor-icon-box-description\">\n\t\t\t\t\t\tst\u00f6d med spr\u00e5k: <br>svenska, norska, tyska, engelska\t\t\t\t\t<\/p>\n\t\t\t\t\n\t\t\t<\/div>\n\t\t\t\n\t\t<\/div>\n\t\t\t\t<\/div>\n\t\t\t\t<\/div>\n\t\t\t\t\t<\/div>\n\t\t<\/div>\n\t\t\t\t<div class=\"elementor-column elementor-col-33 elementor-inner-column elementor-element elementor-element-913064a exad-glass-effect-no exad-sticky-section-no\" data-id=\"913064a\" data-element_type=\"column\">\n\t\t\t<div class=\"elementor-widget-wrap elementor-element-populated\">\n\t\t\t\t\t\t<div class=\"elementor-element elementor-element-060e881 elementor-view-stacked elementor-shape-circle elementor-position-top elementor-mobile-position-top exad-sticky-section-no exad-glass-effect-no elementor-widget elementor-widget-icon-box\" data-id=\"060e881\" data-element_type=\"widget\" data-widget_type=\"icon-box.default\">\n\t\t\t\t<div class=\"elementor-widget-container\">\n\t\t\t\t\t<div class=\"elementor-icon-box-wrapper\">\n\n\t\t\t\t\t\t<div class=\"elementor-icon-box-icon\">\n\t\t\t\t<span  class=\"elementor-icon elementor-animation-shrink\">\n\t\t\t\t<i aria-hidden=\"true\" class=\"fas fa-business-time\"><\/i>\t\t\t\t<\/span>\n\t\t\t<\/div>\n\t\t\t\n\t\t\t\t\t\t<div class=\"elementor-icon-box-content\">\n\n\t\t\t\t\t\t\t\t\t<h3 class=\"elementor-icon-box-title\">\n\t\t\t\t\t\t<span  >\n\t\t\t\t\t\t\tF\u00f6rs\u00e4ljning och marknadsf\u00f6ring\t\t\t\t\t\t<\/span>\n\t\t\t\t\t<\/h3>\n\t\t\t\t\n\t\t\t\t\n\t\t\t<\/div>\n\t\t\t\n\t\t<\/div>\n\t\t\t\t<\/div>\n\t\t\t\t<\/div>\n\t\t\t\t\t<\/div>\n\t\t<\/div>\n\t\t\t\t\t<\/div>\n\t\t<\/section>\n\t\t\t\t<div class=\"elementor-element elementor-element-f5cb72c exad-sticky-section-no exad-glass-effect-no elementor-widget elementor-widget-creote-title-v1\" data-id=\"f5cb72c\" data-element_type=\"widget\" data-widget_type=\"creote-title-v1.default\">\n\t\t\t\t<div class=\"elementor-widget-container\">\n\t\t\t<div class=\"title_all_box style_three  dark_color\" >\r\n         <div class=\"title_sections three center\">\r\n                    <div class=\"title\">   V\u00e5ra tj\u00e4nster<\/div>\r\n               <\/div>\r\n               \r\n<\/div>\r\n\t\t<\/div>\n\t\t\t\t<\/div>\n\t\t\t\t<div class=\"elementor-element elementor-element-7a3d531 exad-sticky-section-no exad-glass-effect-no elementor-widget elementor-widget-creote-service-post-v1\" data-id=\"7a3d531\" data-element_type=\"widget\" data-widget_type=\"creote-service-post-v1.default\">\n\t\t\t\t<div class=\"elementor-widget-container\">\n\t\t\t<section class=\"service_section grid_all four_column news_wrapper_grid light_color\">\r\n   <div class=\"grid_show_case grid_layout clearfix\">\r\n                                    <div class=\"grid_box _card\">\r\n         <div class=\"service_post style_one \" >\r\n                        <div class=\"image\">\r\n               <div class=\"overlay\"><\/div>\r\n               <img fetchpriority=\"high\" decoding=\"async\" width=\"2560\" height=\"1707\" src=\"https:\/\/talangeo.com\/wp-content\/uploads\/2021\/10\/kevin-bhagat-zNRITe8NPqY-unsplash-scaled.jpg\" class=\"attachment-creote-service-grid-270-180 size-creote-service-grid-270-180 wp-post-image\" alt=\"recruitment areas: Recruitment on-demand\" srcset=\"https:\/\/talangeo.com\/wp-content\/uploads\/2021\/10\/kevin-bhagat-zNRITe8NPqY-unsplash-scaled.jpg 2560w, https:\/\/talangeo.com\/wp-content\/uploads\/2021\/10\/kevin-bhagat-zNRITe8NPqY-unsplash-300x200.jpg 300w, https:\/\/talangeo.com\/wp-content\/uploads\/2021\/10\/kevin-bhagat-zNRITe8NPqY-unsplash-1024x683.jpg 1024w, https:\/\/talangeo.com\/wp-content\/uploads\/2021\/10\/kevin-bhagat-zNRITe8NPqY-unsplash-768x512.jpg 768w, https:\/\/talangeo.com\/wp-content\/uploads\/2021\/10\/kevin-bhagat-zNRITe8NPqY-unsplash-1536x1024.jpg 1536w, https:\/\/talangeo.com\/wp-content\/uploads\/2021\/10\/kevin-bhagat-zNRITe8NPqY-unsplash-2048x1365.jpg 2048w\" sizes=\"(max-width: 2560px) 100vw, 2560px\" \/>            <\/div>\r\n               \r\n            <div class=\"service_content icon_yes\">\r\n                              <div class=\"icon_box\">\r\n                  <span class=\"icon icon-thumbs-up icon\"><\/span>\r\n               <\/div>\r\n                              <h2 class=\"title_service\"><a href=\"https:\/\/talangeo.com\/?service=recruitment-on-demand\" rel=\"bookmark\">Talangeo Recruitment Partnership<\/a><\/h2>                              <p class=\"short_desc\">Outsource your recruitment processes, win back your time and resources.<\/p>\r\n                              <a class=\"read_more\" href=\"https:\/\/talangeo.com\/?service=recruitment-on-demand\"> Read More<i class=\"icon-right-arrow-long\"><\/i><\/a>\r\n            <\/div>\r\n         <\/div>\r\n      <\/div>\r\n                                    <div class=\"grid_box _card\">\r\n         <div class=\"service_post style_one \" >\r\n                        <div class=\"image\">\r\n               <div class=\"overlay\"><\/div>\r\n               <img fetchpriority=\"high\" decoding=\"async\" width=\"2560\" height=\"1707\" src=\"https:\/\/talangeo.com\/wp-content\/uploads\/2021\/10\/kevin-bhagat-zNRITe8NPqY-unsplash-scaled.jpg\" class=\"attachment-creote-service-grid-270-180 size-creote-service-grid-270-180 wp-post-image\" alt=\"recruitment areas: Recruitment on-demand\" srcset=\"https:\/\/talangeo.com\/wp-content\/uploads\/2021\/10\/kevin-bhagat-zNRITe8NPqY-unsplash-scaled.jpg 2560w, https:\/\/talangeo.com\/wp-content\/uploads\/2021\/10\/kevin-bhagat-zNRITe8NPqY-unsplash-300x200.jpg 300w, https:\/\/talangeo.com\/wp-content\/uploads\/2021\/10\/kevin-bhagat-zNRITe8NPqY-unsplash-1024x683.jpg 1024w, https:\/\/talangeo.com\/wp-content\/uploads\/2021\/10\/kevin-bhagat-zNRITe8NPqY-unsplash-768x512.jpg 768w, https:\/\/talangeo.com\/wp-content\/uploads\/2021\/10\/kevin-bhagat-zNRITe8NPqY-unsplash-1536x1024.jpg 1536w, https:\/\/talangeo.com\/wp-content\/uploads\/2021\/10\/kevin-bhagat-zNRITe8NPqY-unsplash-2048x1365.jpg 2048w\" sizes=\"(max-width: 2560px) 100vw, 2560px\" \/>            <\/div>\r\n               \r\n            <div class=\"service_content icon_yes\">\r\n                              <div class=\"icon_box\">\r\n                  <span class=\"icon icon-thumbs-up icon\"><\/span>\r\n               <\/div>\r\n                              <h2 class=\"title_service\"><a href=\"https:\/\/talangeo.com\/?service=recruitment-on-demand-2&#038;lang=sv\" rel=\"bookmark\">Rekrytering start-stop<\/a><\/h2>                              <p class=\"short_desc\">Outsourca hela din rekryteringsprocess och f\u00e5 tillbaka din tid och dina resurser.<\/p>\r\n                              <a class=\"read_more\" href=\"https:\/\/talangeo.com\/?service=recruitment-on-demand-2&#038;lang=sv\"> Read More<i class=\"icon-right-arrow-long\"><\/i><\/a>\r\n            <\/div>\r\n         <\/div>\r\n      <\/div>\r\n                                    <div class=\"grid_box _card\">\r\n         <div class=\"service_post style_one \" >\r\n                        <div class=\"image\">\r\n               <div class=\"overlay\"><\/div>\r\n               <img fetchpriority=\"high\" decoding=\"async\" width=\"2560\" height=\"1707\" src=\"https:\/\/talangeo.com\/wp-content\/uploads\/2021\/10\/kevin-bhagat-zNRITe8NPqY-unsplash-scaled.jpg\" class=\"attachment-creote-service-grid-270-180 size-creote-service-grid-270-180 wp-post-image\" alt=\"recruitment areas: Recruitment on-demand\" srcset=\"https:\/\/talangeo.com\/wp-content\/uploads\/2021\/10\/kevin-bhagat-zNRITe8NPqY-unsplash-scaled.jpg 2560w, https:\/\/talangeo.com\/wp-content\/uploads\/2021\/10\/kevin-bhagat-zNRITe8NPqY-unsplash-300x200.jpg 300w, https:\/\/talangeo.com\/wp-content\/uploads\/2021\/10\/kevin-bhagat-zNRITe8NPqY-unsplash-1024x683.jpg 1024w, https:\/\/talangeo.com\/wp-content\/uploads\/2021\/10\/kevin-bhagat-zNRITe8NPqY-unsplash-768x512.jpg 768w, https:\/\/talangeo.com\/wp-content\/uploads\/2021\/10\/kevin-bhagat-zNRITe8NPqY-unsplash-1536x1024.jpg 1536w, https:\/\/talangeo.com\/wp-content\/uploads\/2021\/10\/kevin-bhagat-zNRITe8NPqY-unsplash-2048x1365.jpg 2048w\" sizes=\"(max-width: 2560px) 100vw, 2560px\" \/>            <\/div>\r\n               \r\n            <div class=\"service_content icon_yes\">\r\n                              <div class=\"icon_box\">\r\n                  <span class=\"icon icon-thumbs-up icon\"><\/span>\r\n               <\/div>\r\n                              <h2 class=\"title_service\"><a href=\"https:\/\/talangeo.com\/?service=rekrutacja-start-stop&#038;lang=pl\" rel=\"bookmark\">Rekrutacja start-stop<\/a><\/h2>                              <p class=\"short_desc\">Outsource&#039;uj ca\u0142e procesy rekrutacyjne, odzyskaj sw\u00f3j czas i zasoby.<\/p>\r\n                              <a class=\"read_more\" href=\"https:\/\/talangeo.com\/?service=rekrutacja-start-stop&#038;lang=pl\"> Read More<i class=\"icon-right-arrow-long\"><\/i><\/a>\r\n            <\/div>\r\n         <\/div>\r\n      <\/div>\r\n                                    <div class=\"grid_box _card\">\r\n         <div class=\"service_post style_one \" >\r\n                        <div class=\"image\">\r\n               <div class=\"overlay\"><\/div>\r\n               <img decoding=\"async\" width=\"1920\" height=\"1156\" src=\"https:\/\/talangeo.com\/wp-content\/uploads\/2021\/10\/job-5382501_1920.jpg\" class=\"attachment-creote-service-grid-270-180 size-creote-service-grid-270-180 wp-post-image\" alt=\"Talangeo Selection\" srcset=\"https:\/\/talangeo.com\/wp-content\/uploads\/2021\/10\/job-5382501_1920.jpg 1920w, https:\/\/talangeo.com\/wp-content\/uploads\/2021\/10\/job-5382501_1920-300x181.jpg 300w, https:\/\/talangeo.com\/wp-content\/uploads\/2021\/10\/job-5382501_1920-1024x617.jpg 1024w, https:\/\/talangeo.com\/wp-content\/uploads\/2021\/10\/job-5382501_1920-768x462.jpg 768w, https:\/\/talangeo.com\/wp-content\/uploads\/2021\/10\/job-5382501_1920-1536x925.jpg 1536w\" sizes=\"(max-width: 1920px) 100vw, 1920px\" \/>            <\/div>\r\n               \r\n            <div class=\"service_content icon_yes\">\r\n                              <div class=\"icon_box\">\r\n                  <span class=\"icon icon-thumbs-up icon\"><\/span>\r\n               <\/div>\r\n                              <h2 class=\"title_service\"><a href=\"https:\/\/talangeo.com\/?service=talangeo-selection\" rel=\"bookmark\">Talangeo Classic Selection<\/a><\/h2>                              <p class=\"short_desc\">Increase your talent pool and selection options.<\/p>\r\n                              <a class=\"read_more\" href=\"https:\/\/talangeo.com\/?service=talangeo-selection\"> Read More<i class=\"icon-right-arrow-long\"><\/i><\/a>\r\n            <\/div>\r\n         <\/div>\r\n      <\/div>\r\n                     <\/div>\r\n     \r\n<\/section>\r\n\t\t<\/div>\n\t\t\t\t<\/div>\n\t\t\t\t\t<\/div>\n\t\t<\/div>\n\t\t\t\t\t<\/div>\n\t\t<\/section>\n\t\t\t\t<\/div>\n\t\t","protected":false},"excerpt":{"rendered":"<p>V\u00e5ra rekryteringsomr\u00e5den IT Kundservice st\u00f6d med spr\u00e5k: svenska, norska, tyska, engelska F\u00f6rs\u00e4ljning och marknadsf\u00f6ring V\u00e5ra tj\u00e4nster Recruitment on-demand Outsource your recruitment processes, win back your time and resources. Read More Talangeo Selection Increase your talent pool and selection options. Read More Rec &#8211; check Check the effectiveness of your recruitment. Read More Recruit your team [&hellip;]<\/p>\n","protected":false},"author":1,"featured_media":0,"parent":0,"menu_order":0,"comment_status":"closed","ping_status":"closed","template":"template-homepage.php","meta":{"footnotes":""},"_links":{"self":[{"href":"https:\/\/talangeo.com\/index.php?rest_route=\/wp\/v2\/pages\/6720"}],"collection":[{"href":"https:\/\/talangeo.com\/index.php?rest_route=\/wp\/v2\/pages"}],"about":[{"href":"https:\/\/talangeo.com\/index.php?rest_route=\/wp\/v2\/types\/page"}],"author":[{"embeddable":true,"href":"https:\/\/talangeo.com\/index.php?rest_route=\/wp\/v2\/users\/1"}],"replies":[{"embeddable":true,"href":"https:\/\/talangeo.com\/index.php?rest_route=%2Fwp%2Fv2%2Fcomments&post=6720"}],"version-history":[{"count":34,"href":"https:\/\/talangeo.com\/index.php?rest_route=\/wp\/v2\/pages\/6720\/revisions"}],"predecessor-version":[{"id":7427,"href":"https:\/\/talangeo.com\/index.php?rest_route=\/wp\/v2\/pages\/6720\/revisions\/7427"}],"wp:attachment":[{"href":"https:\/\/talangeo.com\/index.php?rest_route=%2Fwp%2Fv2%2Fmedia&parent=6720"}],"curies":[{"name":"wp","href":"https:\/\/api.w.org\/{rel}","templated":true}]}}